{"id":8,"date":"2023-03-17T20:48:58","date_gmt":"2023-03-18T02:48:58","guid":{"rendered":"https:\/\/oleomex.com.mx\/en\/?page_id=8"},"modified":"2025-12-05T16:56:00","modified_gmt":"2025-12-05T22:56:00","slug":"about-us","status":"publish","type":"page","link":"https:\/\/oleomex.com.mx\/en\/about-us\/","title":{"rendered":"About Us"},"content":{"rendered":"\t\t<div data-elementor-type=\"wp-page\" data-elementor-id=\"8\" class=\"elementor elementor-8\" data-elementor-post-type=\"page\">\n\t\t\t\t\t\t<section class=\"elementor-section elementor-top-section elementor-element elementor-element-de95966 elementor-section-full_width elementor-section-height-default elementor-section-height-default\" data-id=\"de95966\" data-element_type=\"section\" data-settings=\"{&quot;jet_parallax_layout_list&quot;:[],&quot;background_background&quot;:&quot;classic&quot;}\">\n\t\t\t\t\t\t<div class=\"elementor-container elementor-column-gap-default\">\n\t\t\t\t\t<div class=\"elementor-column elementor-col-50 elementor-top-column elementor-element elementor-element-d6696c1\" data-id=\"d6696c1\" data-element_type=\"column\">\n\t\t\t<div class=\"elementor-widget-wrap elementor-element-populated\">\n\t\t\t\t\t\t<div class=\"elementor-element elementor-element-cfd61e4 elementor-widget elementor-widget-heading\" data-id=\"cfd61e4\" data-element_type=\"widget\" data-widget_type=\"heading.default\">\n\t\t\t\t<div class=\"elementor-widget-container\">\n\t\t\t\t\t<h1 class=\"elementor-heading-title elementor-size-default\">About Us<\/h1>\t\t\t\t<\/div>\n\t\t\t\t<\/div>\n\t\t\t\t\t<\/div>\n\t\t<\/div>\n\t\t\t\t<div class=\"elementor-column elementor-col-50 elementor-top-column elementor-element elementor-element-5eed9b3\" data-id=\"5eed9b3\" data-element_type=\"column\">\n\t\t\t<div class=\"elementor-widget-wrap\">\n\t\t\t\t\t\t\t<\/div>\n\t\t<\/div>\n\t\t\t\t\t<\/div>\n\t\t<\/section>\n\t\t\t\t<section class=\"elementor-section elementor-top-section elementor-element elementor-element-08b3991 elementor-section-height-min-height elementor-section-items-stretch jedv-enabled--yes elementor-section-boxed elementor-section-height-default\" data-id=\"08b3991\" data-element_type=\"section\" data-settings=\"{&quot;jet_parallax_layout_list&quot;:[],&quot;background_background&quot;:&quot;classic&quot;}\">\n\t\t\t\t\t\t<div class=\"elementor-container elementor-column-gap-no\">\n\t\t\t\t\t<div class=\"elementor-column elementor-col-50 elementor-top-column elementor-element elementor-element-82b4a13\" data-id=\"82b4a13\" data-element_type=\"column\" data-settings=\"{&quot;background_background&quot;:&quot;classic&quot;}\">\n\t\t\t<div class=\"elementor-widget-wrap elementor-element-populated\">\n\t\t\t\t\t\t<div class=\"elementor-element elementor-element-3c76df0 jedv-enabled--yes elementor-widget elementor-widget-text-editor\" data-id=\"3c76df0\" data-element_type=\"widget\" data-widget_type=\"text-editor.default\">\n\t\t\t\t<div class=\"elementor-widget-container\">\n\t\t\t\t\t\t\t\t\t<p style=\"text-align: right;\">We are a corporate enterprise with more than 40 years of experience, made up of Mexican companies<\/p>\t\t\t\t\t\t\t\t<\/div>\n\t\t\t\t<\/div>\n\t\t\t\t\t<\/div>\n\t\t<\/div>\n\t\t\t\t<div class=\"elementor-column elementor-col-50 elementor-top-column elementor-element elementor-element-796e3cd\" data-id=\"796e3cd\" data-element_type=\"column\" data-settings=\"{&quot;background_background&quot;:&quot;classic&quot;}\">\n\t\t\t<div class=\"elementor-widget-wrap\">\n\t\t\t\t\t<div class=\"elementor-background-overlay\"><\/div>\n\t\t\t\t\t\t\t<\/div>\n\t\t<\/div>\n\t\t\t\t\t<\/div>\n\t\t<\/section>\n\t\t\t\t<section class=\"elementor-section elementor-top-section elementor-element elementor-element-2a37913 elementor-section-boxed elementor-section-height-default elementor-section-height-default\" data-id=\"2a37913\" data-element_type=\"section\" data-settings=\"{&quot;jet_parallax_layout_list&quot;:[]}\">\n\t\t\t\t\t\t<div class=\"elementor-container elementor-column-gap-default\">\n\t\t\t\t\t<div class=\"elementor-column elementor-col-50 elementor-top-column elementor-element elementor-element-35be6de\" data-id=\"35be6de\" data-element_type=\"column\">\n\t\t\t<div class=\"elementor-widget-wrap elementor-element-populated\">\n\t\t\t\t\t\t<div class=\"elementor-element elementor-element-902120d elementor-widget elementor-widget-heading\" data-id=\"902120d\" data-element_type=\"widget\" data-widget_type=\"heading.default\">\n\t\t\t\t<div class=\"elementor-widget-container\">\n\t\t\t\t\t<h2 class=\"elementor-heading-title elementor-size-default\">Our History<\/h2>\t\t\t\t<\/div>\n\t\t\t\t<\/div>\n\t\t\t\t<div class=\"elementor-element elementor-element-0a6e85e elementor-widget__width-auto elementor-widget elementor-widget-text-editor\" data-id=\"0a6e85e\" data-element_type=\"widget\" data-widget_type=\"text-editor.default\">\n\t\t\t\t<div class=\"elementor-widget-container\">\n\t\t\t\t\t\t\t\t\t<p>Drawing on extensive experience and industry knowledge, and with a forward-looking vision, Engineer Jos\u00e9 Luis P\u00e9rez Mart\u00ednez established OLEOFINOS in 1978, thereby initiating the formation of our present-day corporate group, OLEOMEX.<\/p><p>This consolidation enables us to span a wide sector demanded by the industry, and today we consist of internationally acclaimed companies that are proudly Mexican.<\/p>\t\t\t\t\t\t\t\t<\/div>\n\t\t\t\t<\/div>\n\t\t\t\t\t<\/div>\n\t\t<\/div>\n\t\t\t\t<div class=\"elementor-column elementor-col-50 elementor-top-column elementor-element elementor-element-450590a\" data-id=\"450590a\" data-element_type=\"column\">\n\t\t\t<div class=\"elementor-widget-wrap elementor-element-populated\">\n\t\t\t\t\t\t<div class=\"elementor-element elementor-element-ae7d119 elementor-widget elementor-widget-heading\" data-id=\"ae7d119\" data-element_type=\"widget\" data-widget_type=\"heading.default\">\n\t\t\t\t<div class=\"elementor-widget-container\">\n\t\t\t\t\t<span class=\"elementor-heading-title elementor-size-default\">We work with heart in the present and our  sights set on the future.<\/span>\t\t\t\t<\/div>\n\t\t\t\t<\/div>\n\t\t\t\t\t<\/div>\n\t\t<\/div>\n\t\t\t\t\t<\/div>\n\t\t<\/section>\n\t\t\t\t<section class=\"elementor-section elementor-top-section elementor-element elementor-element-31a2008 elementor-section-full_width elementor-section-height-default elementor-section-height-default\" data-id=\"31a2008\" data-element_type=\"section\" data-settings=\"{&quot;jet_parallax_layout_list&quot;:[]}\">\n\t\t\t\t\t\t<div class=\"elementor-container elementor-column-gap-default\">\n\t\t\t\t\t<div class=\"elementor-column elementor-col-100 elementor-top-column elementor-element elementor-element-d235271\" data-id=\"d235271\" data-element_type=\"column\">\n\t\t\t<div class=\"elementor-widget-wrap elementor-element-populated\">\n\t\t\t\t\t\t<div class=\"elementor-element elementor-element-5d63d9c elementor-widget elementor-widget-image\" data-id=\"5d63d9c\" data-element_type=\"widget\" data-widget_type=\"image.default\">\n\t\t\t\t<div class=\"elementor-widget-container\">\n\t\t\t\t\t\t\t\t\t\t\t\t\t\t\t<img fetchpriority=\"high\" decoding=\"async\" width=\"1000\" height=\"1432\" src=\"https:\/\/oleomex.com.mx\/en\/wp-content\/uploads\/sites\/3\/2025\/04\/OLEOMEX_lineadeltiempo-empresas.png\" class=\"attachment-full size-full wp-image-2211\" alt=\"\" srcset=\"https:\/\/oleomex.com.mx\/en\/wp-content\/uploads\/sites\/3\/2025\/04\/OLEOMEX_lineadeltiempo-empresas.png 1000w, https:\/\/oleomex.com.mx\/en\/wp-content\/uploads\/sites\/3\/2025\/04\/OLEOMEX_lineadeltiempo-empresas-209x300.png 209w, https:\/\/oleomex.com.mx\/en\/wp-content\/uploads\/sites\/3\/2025\/04\/OLEOMEX_lineadeltiempo-empresas-715x1024.png 715w, https:\/\/oleomex.com.mx\/en\/wp-content\/uploads\/sites\/3\/2025\/04\/OLEOMEX_lineadeltiempo-empresas-768x1100.png 768w\" sizes=\"(max-width: 1000px) 100vw, 1000px\" \/>\t\t\t\t\t\t\t\t\t\t\t\t\t\t\t<\/div>\n\t\t\t\t<\/div>\n\t\t\t\t\t<\/div>\n\t\t<\/div>\n\t\t\t\t\t<\/div>\n\t\t<\/section>\n\t\t\t\t<section class=\"elementor-section elementor-top-section elementor-element elementor-element-64be93c elementor-section-height-min-height elementor-section-items-stretch jedv-enabled--yes elementor-section-boxed elementor-section-height-default\" data-id=\"64be93c\" data-element_type=\"section\" data-settings=\"{&quot;jet_parallax_layout_list&quot;:[],&quot;background_background&quot;:&quot;classic&quot;}\">\n\t\t\t\t\t\t<div class=\"elementor-container elementor-column-gap-no\">\n\t\t\t\t\t<div class=\"elementor-column elementor-col-50 elementor-top-column elementor-element elementor-element-ff07da2\" data-id=\"ff07da2\" data-element_type=\"column\" data-settings=\"{&quot;background_background&quot;:&quot;classic&quot;}\">\n\t\t\t<div class=\"elementor-widget-wrap elementor-element-populated\">\n\t\t\t\t\t\t<div class=\"elementor-element elementor-element-b600c51 elementor-widget elementor-widget-heading\" data-id=\"b600c51\" data-element_type=\"widget\" data-widget_type=\"heading.default\">\n\t\t\t\t<div class=\"elementor-widget-container\">\n\t\t\t\t\t<h2 class=\"elementor-heading-title elementor-size-default\">We have our sights set on the future\u2026<\/h2>\t\t\t\t<\/div>\n\t\t\t\t<\/div>\n\t\t\t\t<div class=\"elementor-element elementor-element-c7763e9 elementor-widget elementor-widget-heading\" data-id=\"c7763e9\" data-element_type=\"widget\" data-widget_type=\"heading.default\">\n\t\t\t\t<div class=\"elementor-widget-container\">\n\t\t\t\t\t<span class=\"elementor-heading-title elementor-size-default\">Mission<\/span>\t\t\t\t<\/div>\n\t\t\t\t<\/div>\n\t\t\t\t<div class=\"elementor-element elementor-element-a2ba606 elementor-widget elementor-widget-text-editor\" data-id=\"a2ba606\" data-element_type=\"widget\" data-widget_type=\"text-editor.default\">\n\t\t\t\t<div class=\"elementor-widget-container\">\n\t\t\t\t\t\t\t\t\t<p>To be a business group with a solid foundation in our values and committed to continuous improvement, working toward maximum integration of its companies, which allows us to generate sustainable profitability and a positive impact on society.<\/p>\t\t\t\t\t\t\t\t<\/div>\n\t\t\t\t<\/div>\n\t\t\t\t<div class=\"elementor-element elementor-element-99a530c elementor-widget elementor-widget-heading\" data-id=\"99a530c\" data-element_type=\"widget\" data-widget_type=\"heading.default\">\n\t\t\t\t<div class=\"elementor-widget-container\">\n\t\t\t\t\t<span class=\"elementor-heading-title elementor-size-default\">Vision<\/span>\t\t\t\t<\/div>\n\t\t\t\t<\/div>\n\t\t\t\t<div class=\"elementor-element elementor-element-9478253 elementor-widget elementor-widget-text-editor\" data-id=\"9478253\" data-element_type=\"widget\" data-widget_type=\"text-editor.default\">\n\t\t\t\t<div class=\"elementor-widget-container\">\n\t\t\t\t\t\t\t\t\t<p>To consolidate ourselves as a business group with a solid generational legacy, recognized for its leadership and for a work culture that ensures our long-term growth and competitiveness.<\/p>\t\t\t\t\t\t\t\t<\/div>\n\t\t\t\t<\/div>\n\t\t\t\t\t<\/div>\n\t\t<\/div>\n\t\t\t\t<div class=\"elementor-column elementor-col-50 elementor-top-column elementor-element elementor-element-e93e7bb\" data-id=\"e93e7bb\" data-element_type=\"column\" data-settings=\"{&quot;background_background&quot;:&quot;classic&quot;}\">\n\t\t\t<div class=\"elementor-widget-wrap\">\n\t\t\t\t\t<div class=\"elementor-background-overlay\"><\/div>\n\t\t\t\t\t\t\t<\/div>\n\t\t<\/div>\n\t\t\t\t\t<\/div>\n\t\t<\/section>\n\t\t\t\t<section class=\"elementor-section elementor-top-section elementor-element elementor-element-d6be680 elementor-section-boxed elementor-section-height-default elementor-section-height-default\" data-id=\"d6be680\" data-element_type=\"section\" data-settings=\"{&quot;jet_parallax_layout_list&quot;:[]}\">\n\t\t\t\t\t\t<div class=\"elementor-container elementor-column-gap-default\">\n\t\t\t\t\t<div class=\"elementor-column elementor-col-100 elementor-top-column elementor-element elementor-element-701f617\" data-id=\"701f617\" data-element_type=\"column\">\n\t\t\t<div class=\"elementor-widget-wrap elementor-element-populated\">\n\t\t\t\t\t\t<div class=\"elementor-element elementor-element-9c06eb7 elementor-widget elementor-widget-heading\" data-id=\"9c06eb7\" data-element_type=\"widget\" data-widget_type=\"heading.default\">\n\t\t\t\t<div class=\"elementor-widget-container\">\n\t\t\t\t\t<h2 class=\"elementor-heading-title elementor-size-default\">Our Strengths\n<\/h2>\t\t\t\t<\/div>\n\t\t\t\t<\/div>\n\t\t\t\t\t<\/div>\n\t\t<\/div>\n\t\t\t\t\t<\/div>\n\t\t<\/section>\n\t\t\t\t<section class=\"elementor-section elementor-top-section elementor-element elementor-element-c5f6167 elementor-section-full_width elementor-section-height-default elementor-section-height-default\" data-id=\"c5f6167\" data-element_type=\"section\" data-settings=\"{&quot;jet_parallax_layout_list&quot;:[]}\">\n\t\t\t\t\t\t<div class=\"elementor-container elementor-column-gap-no\">\n\t\t\t\t\t<div class=\"elementor-column elementor-col-100 elementor-top-column elementor-element elementor-element-d348c51\" data-id=\"d348c51\" data-element_type=\"column\">\n\t\t\t<div class=\"elementor-widget-wrap elementor-element-populated\">\n\t\t\t\t\t\t<div class=\"elementor-element elementor-element-50f4a36 elementor-widget elementor-widget-image\" data-id=\"50f4a36\" data-element_type=\"widget\" data-widget_type=\"image.default\">\n\t\t\t\t<div class=\"elementor-widget-container\">\n\t\t\t\t\t\t\t\t\t\t\t\t\t\t\t<img decoding=\"async\" width=\"872\" height=\"600\" src=\"https:\/\/oleomex.com.mx\/en\/wp-content\/uploads\/sites\/3\/2024\/06\/line-fortalezas-ing.png\" class=\"attachment-full size-full wp-image-2143\" alt=\"\" srcset=\"https:\/\/oleomex.com.mx\/en\/wp-content\/uploads\/sites\/3\/2024\/06\/line-fortalezas-ing.png 872w, https:\/\/oleomex.com.mx\/en\/wp-content\/uploads\/sites\/3\/2024\/06\/line-fortalezas-ing-300x206.png 300w, https:\/\/oleomex.com.mx\/en\/wp-content\/uploads\/sites\/3\/2024\/06\/line-fortalezas-ing-768x528.png 768w\" sizes=\"(max-width: 872px) 100vw, 872px\" \/>\t\t\t\t\t\t\t\t\t\t\t\t\t\t\t<\/div>\n\t\t\t\t<\/div>\n\t\t\t\t<div class=\"elementor-element elementor-element-61ff4b7 elementor-widget elementor-widget-image\" data-id=\"61ff4b7\" data-element_type=\"widget\" data-widget_type=\"image.default\">\n\t\t\t\t<div class=\"elementor-widget-container\">\n\t\t\t\t\t\t\t\t\t\t\t\t\t\t\t<img decoding=\"async\" width=\"1920\" height=\"292\" src=\"https:\/\/oleomex.com.mx\/en\/wp-content\/uploads\/sites\/3\/2023\/03\/background-5.png\" class=\"attachment-full size-full wp-image-90\" alt=\"\" srcset=\"https:\/\/oleomex.com.mx\/en\/wp-content\/uploads\/sites\/3\/2023\/03\/background-5.png 1920w, https:\/\/oleomex.com.mx\/en\/wp-content\/uploads\/sites\/3\/2023\/03\/background-5-300x46.png 300w, https:\/\/oleomex.com.mx\/en\/wp-content\/uploads\/sites\/3\/2023\/03\/background-5-1024x156.png 1024w, https:\/\/oleomex.com.mx\/en\/wp-content\/uploads\/sites\/3\/2023\/03\/background-5-768x117.png 768w, https:\/\/oleomex.com.mx\/en\/wp-content\/uploads\/sites\/3\/2023\/03\/background-5-1536x234.png 1536w\" sizes=\"(max-width: 1920px) 100vw, 1920px\" \/>\t\t\t\t\t\t\t\t\t\t\t\t\t\t\t<\/div>\n\t\t\t\t<\/div>\n\t\t\t\t\t<\/div>\n\t\t<\/div>\n\t\t\t\t\t<\/div>\n\t\t<\/section>\n\t\t\t\t<section class=\"elementor-section elementor-top-section elementor-element elementor-element-6a144b6 elementor-section-height-min-height elementor-section-boxed elementor-section-height-default elementor-section-items-middle\" data-id=\"6a144b6\" data-element_type=\"section\" data-settings=\"{&quot;jet_parallax_layout_list&quot;:[]}\">\n\t\t\t\t\t\t<div class=\"elementor-container elementor-column-gap-default\">\n\t\t\t\t\t<div class=\"elementor-column elementor-col-50 elementor-top-column elementor-element elementor-element-26abc13\" data-id=\"26abc13\" data-element_type=\"column\">\n\t\t\t<div class=\"elementor-widget-wrap elementor-element-populated\">\n\t\t\t\t\t\t<div class=\"elementor-element elementor-element-b5b8212 elementor-widget elementor-widget-heading\" data-id=\"b5b8212\" data-element_type=\"widget\" data-widget_type=\"heading.default\">\n\t\t\t\t<div class=\"elementor-widget-container\">\n\t\t\t\t\t<h2 class=\"elementor-heading-title elementor-size-default\">Values<\/h2>\t\t\t\t<\/div>\n\t\t\t\t<\/div>\n\t\t\t\t<div class=\"elementor-element elementor-element-08f6658 elementor-widget__width-auto elementor-widget elementor-widget-text-editor\" data-id=\"08f6658\" data-element_type=\"widget\" data-widget_type=\"text-editor.default\">\n\t\t\t\t<div class=\"elementor-widget-container\">\n\t\t\t\t\t\t\t\t\t<p>At OLEOMEX, we have cultivated a culture of diligence with a solid foundation of values.<\/p>\t\t\t\t\t\t\t\t<\/div>\n\t\t\t\t<\/div>\n\t\t\t\t\t<\/div>\n\t\t<\/div>\n\t\t\t\t<div class=\"elementor-column elementor-col-50 elementor-top-column elementor-element elementor-element-c1df962\" data-id=\"c1df962\" data-element_type=\"column\">\n\t\t\t<div class=\"elementor-widget-wrap elementor-element-populated\">\n\t\t\t\t\t\t<div class=\"elementor-element elementor-element-106afc2 elementor-widget elementor-widget-heading\" data-id=\"106afc2\" data-element_type=\"widget\" data-widget_type=\"heading.default\">\n\t\t\t\t<div class=\"elementor-widget-container\">\n\t\t\t\t\t<span class=\"elementor-heading-title elementor-size-default\">We are a group of companies with deeply rooted values.<\/span>\t\t\t\t<\/div>\n\t\t\t\t<\/div>\n\t\t\t\t\t<\/div>\n\t\t<\/div>\n\t\t\t\t\t<\/div>\n\t\t<\/section>\n\t\t\t\t<section class=\"elementor-section elementor-top-section elementor-element elementor-element-003a064 elementor-section-boxed elementor-section-height-default elementor-section-height-default\" data-id=\"003a064\" data-element_type=\"section\" data-settings=\"{&quot;jet_parallax_layout_list&quot;:[]}\">\n\t\t\t\t\t\t<div class=\"elementor-container elementor-column-gap-no\">\n\t\t\t\t\t<div class=\"elementor-column elementor-col-16 elementor-top-column elementor-element elementor-element-a8d2d6d\" data-id=\"a8d2d6d\" data-element_type=\"column\">\n\t\t\t<div class=\"elementor-widget-wrap elementor-element-populated\">\n\t\t\t\t\t\t<div class=\"elementor-element elementor-element-5a4feb3 elementor-position-top elementor-widget elementor-widget-image-box\" data-id=\"5a4feb3\" data-element_type=\"widget\" data-widget_type=\"image-box.default\">\n\t\t\t\t<div class=\"elementor-widget-container\">\n\t\t\t\t\t<div class=\"elementor-image-box-wrapper\"><figure class=\"elementor-image-box-img\"><img decoding=\"async\" src=\"https:\/\/oleomex.com.mx\/en\/wp-content\/uploads\/sites\/3\/elementor\/thumbs\/nosotros-icon-4-qph9ykk01ylpgwf8cb1w7rs11brhkm0ubjqtnz5aru.png\" title=\"nosotros-icon-4\" alt=\"nosotros-icon-4\" loading=\"lazy\" \/><\/figure><div class=\"elementor-image-box-content\"><h3 class=\"elementor-image-box-title\">Teamwork<\/h3><\/div><\/div>\t\t\t\t<\/div>\n\t\t\t\t<\/div>\n\t\t\t\t\t<\/div>\n\t\t<\/div>\n\t\t\t\t<div class=\"elementor-column elementor-col-16 elementor-top-column elementor-element elementor-element-e2588a2\" data-id=\"e2588a2\" data-element_type=\"column\">\n\t\t\t<div class=\"elementor-widget-wrap elementor-element-populated\">\n\t\t\t\t\t\t<div class=\"elementor-element elementor-element-86b42a4 elementor-position-top elementor-widget elementor-widget-image-box\" data-id=\"86b42a4\" data-element_type=\"widget\" data-widget_type=\"image-box.default\">\n\t\t\t\t<div class=\"elementor-widget-container\">\n\t\t\t\t\t<div class=\"elementor-image-box-wrapper\"><figure class=\"elementor-image-box-img\"><img decoding=\"async\" src=\"https:\/\/oleomex.com.mx\/en\/wp-content\/uploads\/sites\/3\/elementor\/thumbs\/nosotros-icon-1-qph9y1r899vz0p6je2xctwit5mc5any7kyp42fx68a.png\" title=\"nosotros-icon-1\" alt=\"nosotros-icon-1\" loading=\"lazy\" \/><\/figure><div class=\"elementor-image-box-content\"><h3 class=\"elementor-image-box-title\">Integrity<\/h3><\/div><\/div>\t\t\t\t<\/div>\n\t\t\t\t<\/div>\n\t\t\t\t\t<\/div>\n\t\t<\/div>\n\t\t\t\t<div class=\"elementor-column elementor-col-16 elementor-top-column elementor-element elementor-element-030baca\" data-id=\"030baca\" data-element_type=\"column\">\n\t\t\t<div class=\"elementor-widget-wrap elementor-element-populated\">\n\t\t\t\t\t\t<div class=\"elementor-element elementor-element-545729b elementor-position-top elementor-widget elementor-widget-image-box\" data-id=\"545729b\" data-element_type=\"widget\" data-widget_type=\"image-box.default\">\n\t\t\t\t<div class=\"elementor-widget-container\">\n\t\t\t\t\t<div class=\"elementor-image-box-wrapper\"><figure class=\"elementor-image-box-img\"><img decoding=\"async\" src=\"https:\/\/oleomex.com.mx\/en\/wp-content\/uploads\/sites\/3\/elementor\/thumbs\/nosotros-icon-3-qph9z3crunbfx3nxaj6fln18x16tuk3h24sj9idfbe.png\" title=\"nosotros-icon-3\" alt=\"nosotros-icon-3\" loading=\"lazy\" \/><\/figure><div class=\"elementor-image-box-content\"><h3 class=\"elementor-image-box-title\">Loyalty<\/h3><\/div><\/div>\t\t\t\t<\/div>\n\t\t\t\t<\/div>\n\t\t\t\t\t<\/div>\n\t\t<\/div>\n\t\t\t\t<div class=\"elementor-column elementor-col-16 elementor-top-column elementor-element elementor-element-bf1ca3f\" data-id=\"bf1ca3f\" data-element_type=\"column\">\n\t\t\t<div class=\"elementor-widget-wrap elementor-element-populated\">\n\t\t\t\t\t\t<div class=\"elementor-element elementor-element-82ea93d elementor-position-top elementor-widget elementor-widget-image-box\" data-id=\"82ea93d\" data-element_type=\"widget\" data-widget_type=\"image-box.default\">\n\t\t\t\t<div class=\"elementor-widget-container\">\n\t\t\t\t\t<div class=\"elementor-image-box-wrapper\"><figure class=\"elementor-image-box-img\"><img decoding=\"async\" src=\"https:\/\/oleomex.com.mx\/en\/wp-content\/uploads\/sites\/3\/elementor\/thumbs\/nosotros-icon-2-qph9zjc12txbeh0pp833a1030l02heuwsbvsf7pqdm.png\" title=\"nosotros-icon-2\" alt=\"nosotros-icon-2\" loading=\"lazy\" \/><\/figure><div class=\"elementor-image-box-content\"><h3 class=\"elementor-image-box-title\">Discipline<\/h3><\/div><\/div>\t\t\t\t<\/div>\n\t\t\t\t<\/div>\n\t\t\t\t\t<\/div>\n\t\t<\/div>\n\t\t\t\t<div class=\"elementor-column elementor-col-16 elementor-top-column elementor-element elementor-element-2988ec0\" data-id=\"2988ec0\" data-element_type=\"column\">\n\t\t\t<div class=\"elementor-widget-wrap elementor-element-populated\">\n\t\t\t\t\t\t<div class=\"elementor-element elementor-element-63dd0a2 elementor-position-top elementor-widget elementor-widget-image-box\" data-id=\"63dd0a2\" data-element_type=\"widget\" data-widget_type=\"image-box.default\">\n\t\t\t\t<div class=\"elementor-widget-container\">\n\t\t\t\t\t<div class=\"elementor-image-box-wrapper\"><figure class=\"elementor-image-box-img\"><img decoding=\"async\" src=\"https:\/\/oleomex.com.mx\/en\/wp-content\/uploads\/sites\/3\/elementor\/thumbs\/nosotros-icon-5-qph9zdozxtplgt8wm5nbv2fbg9rv788irjyvjjy3ey.png\" title=\"nosotros-icon-5\" alt=\"nosotros-icon-5\" loading=\"lazy\" \/><\/figure><div class=\"elementor-image-box-content\"><h3 class=\"elementor-image-box-title\">Excellence<\/h3><\/div><\/div>\t\t\t\t<\/div>\n\t\t\t\t<\/div>\n\t\t\t\t\t<\/div>\n\t\t<\/div>\n\t\t\t\t<div class=\"elementor-column elementor-col-16 elementor-top-column elementor-element elementor-element-2884810\" data-id=\"2884810\" data-element_type=\"column\">\n\t\t\t<div class=\"elementor-widget-wrap elementor-element-populated\">\n\t\t\t\t\t\t<div class=\"elementor-element elementor-element-00b63a2 elementor-position-top elementor-widget elementor-widget-image-box\" data-id=\"00b63a2\" data-element_type=\"widget\" data-widget_type=\"image-box.default\">\n\t\t\t\t<div class=\"elementor-widget-container\">\n\t\t\t\t\t<div class=\"elementor-image-box-wrapper\"><figure class=\"elementor-image-box-img\"><img decoding=\"async\" src=\"https:\/\/oleomex.com.mx\/en\/wp-content\/uploads\/sites\/3\/elementor\/thumbs\/nosotros-icon-6-qph9yq716ytfek71fdhnmqcslmzousn8cbnqjmwxqi.png\" title=\"nosotros-icon-6\" alt=\"nosotros-icon-6\" loading=\"lazy\" \/><\/figure><div class=\"elementor-image-box-content\"><h3 class=\"elementor-image-box-title\">Brotherhood<\/h3><\/div><\/div>\t\t\t\t<\/div>\n\t\t\t\t<\/div>\n\t\t\t\t\t<\/div>\n\t\t<\/div>\n\t\t\t\t\t<\/div>\n\t\t<\/section>\n\t\t\t\t<\/div>\n\t\t","protected":false},"excerpt":{"rendered":"<p>We are a corporate enterprise with more than 40 years of experience, made up of Mexican companies We are a corporate enterprise with more than 40 years of experience, made up of Mexican companies Our History Drawing on extensive experience and industry knowledge, and with a forward-looking vision, Engineer Jos\u00e9 Luis P\u00e9rez Mart\u00ednez established OLEOFINOS [&hellip;]<\/p>\n","protected":false},"author":1,"featured_media":0,"parent":0,"menu_order":0,"comment_status":"closed","ping_status":"closed","template":"","meta":{"footnotes":""},"class_list":["post-8","page","type-page","status-publish","hentry"],"_links":{"self":[{"href":"https:\/\/oleomex.com.mx\/en\/wp-json\/wp\/v2\/pages\/8","targetHints":{"allow":["GET"]}}],"collection":[{"href":"https:\/\/oleomex.com.mx\/en\/wp-json\/wp\/v2\/pages"}],"about":[{"href":"https:\/\/oleomex.com.mx\/en\/wp-json\/wp\/v2\/types\/page"}],"author":[{"embeddable":true,"href":"https:\/\/oleomex.com.mx\/en\/wp-json\/wp\/v2\/users\/1"}],"replies":[{"embeddable":true,"href":"https:\/\/oleomex.com.mx\/en\/wp-json\/wp\/v2\/comments?post=8"}],"version-history":[{"count":167,"href":"https:\/\/oleomex.com.mx\/en\/wp-json\/wp\/v2\/pages\/8\/revisions"}],"predecessor-version":[{"id":2238,"href":"https:\/\/oleomex.com.mx\/en\/wp-json\/wp\/v2\/pages\/8\/revisions\/2238"}],"wp:attachment":[{"href":"https:\/\/oleomex.com.mx\/en\/wp-json\/wp\/v2\/media?parent=8"}],"curies":[{"name":"wp","href":"https:\/\/api.w.org\/{rel}","templated":true}]}}